{"id":158,"date":"2021-05-30T20:49:16","date_gmt":"2021-05-30T20:49:16","guid":{"rendered":"http:\/\/www.ravtechautomation.com\/?page_id=158"},"modified":"2021-06-07T08:56:07","modified_gmt":"2021-06-07T08:56:07","slug":"motion-control-systems","status":"publish","type":"page","link":"https:\/\/www.ravtechautomation.com\/?page_id=158","title":{"rendered":"Motion Control Systems"},"content":{"rendered":"\t\t<div data-elementor-type=\"wp-page\" data-elementor-id=\"158\" class=\"elementor elementor-158\">\n\t\t\t\t\t\t\t\t\t<section class=\"elementor-section elementor-top-section elementor-element elementor-element-bd78826 elementor-section-height-min-height elementor-section-items-stretch elementor-section-boxed elementor-section-height-default\" data-id=\"bd78826\" data-element_type=\"section\">\n\t\t\t\t\t\t<div class=\"elementor-container elementor-column-gap-default\">\n\t\t\t\t\t<div class=\"elementor-column elementor-col-100 elementor-top-column elementor-element elementor-element-d0b0a9d\" data-id=\"d0b0a9d\" data-element_type=\"column\" data-settings=\"{&quot;background_background&quot;:&quot;classic&quot;}\">\n\t\t\t<div class=\"elementor-widget-wrap elementor-element-populated\">\n\t\t\t\t\t\t\t\t<div class=\"elementor-element elementor-element-9460331 elementor-widget elementor-widget-heading\" data-id=\"9460331\" data-element_type=\"widget\" data-widget_type=\"heading.default\">\n\t\t\t\t<div class=\"elementor-widget-container\">\n\t\t\t<h1 class=\"elementor-heading-title elementor-size-default\">Take Control of Your Business<\/h1>\t\t<\/div>\n\t\t\t\t<\/div>\n\t\t\t\t\t<\/div>\n\t\t<\/div>\n\t\t\t\t\t\t\t<\/div>\n\t\t<\/section>\n\t\t\t\t<section class=\"elementor-section elementor-top-section elementor-element elementor-element-6c92146 elementor-section-height-min-height elementor-section-items-stretch elementor-section-boxed elementor-section-height-default\" data-id=\"6c92146\" data-element_type=\"section\">\n\t\t\t\t\t\t<div class=\"elementor-container elementor-column-gap-default\">\n\t\t\t\t\t<div class=\"elementor-column elementor-col-100 elementor-top-column elementor-element elementor-element-242d638\" data-id=\"242d638\" data-element_type=\"column\" data-settings=\"{&quot;background_background&quot;:&quot;classic&quot;}\">\n\t\t\t<div class=\"elementor-widget-wrap elementor-element-populated\">\n\t\t\t\t\t\t\t\t<div class=\"elementor-element elementor-element-611d845 elementor-widget elementor-widget-heading\" data-id=\"611d845\" data-element_type=\"widget\" data-widget_type=\"heading.default\">\n\t\t\t\t<div class=\"elementor-widget-container\">\n\t\t\t<h5 class=\"elementor-heading-title elementor-size-default\">Motion Control Systems<\/h5>\t\t<\/div>\n\t\t\t\t<\/div>\n\t\t\t\t\t<\/div>\n\t\t<\/div>\n\t\t\t\t\t\t\t<\/div>\n\t\t<\/section>\n\t\t\t\t<section class=\"elementor-section elementor-top-section elementor-element elementor-element-07d7a48 elementor-section-boxed elementor-section-height-default elementor-section-height-default\" data-id=\"07d7a48\" data-element_type=\"section\">\n\t\t\t\t\t\t<div class=\"elementor-container elementor-column-gap-default\">\n\t\t\t\t\t<div class=\"elementor-column elementor-col-100 elementor-top-column elementor-element elementor-element-1f304e7\" data-id=\"1f304e7\" data-element_type=\"column\">\n\t\t\t<div class=\"elementor-widget-wrap elementor-element-populated\">\n\t\t\t\t\t\t\t\t<section class=\"elementor-section elementor-inner-section elementor-element elementor-element-6a5e5ce elementor-section-boxed elementor-section-height-default elementor-section-height-default\" data-id=\"6a5e5ce\" data-element_type=\"section\">\n\t\t\t\t\t\t<div class=\"elementor-container elementor-column-gap-default\">\n\t\t\t\t\t<div class=\"elementor-column elementor-col-50 elementor-inner-column elementor-element elementor-element-f08a550\" data-id=\"f08a550\" data-element_type=\"column\" data-settings=\"{&quot;background_background&quot;:&quot;gradient&quot;}\">\n\t\t\t<div class=\"elementor-widget-wrap elementor-element-populated\">\n\t\t\t\t\t\t\t\t<div class=\"elementor-element elementor-element-2c8de76 elementor-widget elementor-widget-image\" data-id=\"2c8de76\" data-element_type=\"widget\" data-widget_type=\"image.default\">\n\t\t\t\t<div class=\"elementor-widget-container\">\n\t\t\t\t\t\t\t\t\t\t\t\t\t\t\t<img fetchpriority=\"high\" decoding=\"async\" width=\"600\" height=\"800\" src=\"https:\/\/www.ravtechautomation.com\/wp-content\/uploads\/2021\/05\/3_motion_control.jpeg\" class=\"attachment-large size-large wp-image-270\" alt=\"\" srcset=\"https:\/\/www.ravtechautomation.com\/wp-content\/uploads\/2021\/05\/3_motion_control.jpeg 600w, https:\/\/www.ravtechautomation.com\/wp-content\/uploads\/2021\/05\/3_motion_control-225x300.jpeg 225w\" sizes=\"(max-width: 600px) 100vw, 600px\" \/>\t\t\t\t\t\t\t\t\t\t\t\t\t\t\t<\/div>\n\t\t\t\t<\/div>\n\t\t\t\t\t<\/div>\n\t\t<\/div>\n\t\t\t\t<div class=\"elementor-column elementor-col-50 elementor-inner-column elementor-element elementor-element-1c11a58\" data-id=\"1c11a58\" data-element_type=\"column\">\n\t\t\t<div class=\"elementor-widget-wrap elementor-element-populated\">\n\t\t\t\t\t\t\t\t<div class=\"elementor-element elementor-element-915d1d4 elementor-widget elementor-widget-text-editor\" data-id=\"915d1d4\" data-element_type=\"widget\" data-widget_type=\"text-editor.default\">\n\t\t\t\t<div class=\"elementor-widget-container\">\n\t\t\t\t\t\t\t<p>Motion control can basically be defined as moving the moving parts of a machine in a controlled manner. Motion control systems are important for establishing the link between accuracy of motion, power and efficiency.<\/p><p>In order to fulfill the machine function, the independent parts moved by the motion control must work and move in harmony and order. In order to ensure this harmony and order, motion control systems consist of the following components.<\/p><p><span style=\"font-weight: bold;\">Controller<\/span>\u00a0is the brain of the control system. It is responsible for deciding the action to be made and generating the commands that control this movement. In addition, controllers are capable of receiving commands and feedback from the central computer that controls the production or machine in the higher hierarchy. Multiple controllers can work together in a complex system.<\/p><p><span style=\"font-weight: bold; color: var( --e-global-color-text ); font-family: var( --e-global-typography-text-font-family ), Sans-serif; font-style: inherit;\">Driver\u00a0<\/span><span style=\"color: var( --e-global-color-text ); font-family: var( --e-global-typography-text-font-family ), Sans-serif; font-style: inherit; font-weight: inherit;\">is the intermediate unit that allows the relevant motors to perform the requested motion by referencing the control signal generated by the controller.<\/span><\/p>\t\t\t\t\t\t<\/div>\n\t\t\t\t<\/div>\n\t\t\t\t\t<\/div>\n\t\t<\/div>\n\t\t\t\t\t\t\t<\/div>\n\t\t<\/section>\n\t\t\t\t<section class=\"elementor-section elementor-inner-section elementor-element elementor-element-4da3b38 elementor-section-boxed elementor-section-height-default elementor-section-height-default\" data-id=\"4da3b38\" data-element_type=\"section\">\n\t\t\t\t\t\t<div class=\"elementor-container elementor-column-gap-default\">\n\t\t\t\t\t<div class=\"elementor-column elementor-col-100 elementor-inner-column elementor-element elementor-element-6a6ad76\" data-id=\"6a6ad76\" data-element_type=\"column\">\n\t\t\t<div class=\"elementor-widget-wrap elementor-element-populated\">\n\t\t\t\t\t\t\t\t<div class=\"elementor-element elementor-element-8313334 elementor-widget elementor-widget-text-editor\" data-id=\"8313334\" data-element_type=\"widget\" data-widget_type=\"text-editor.default\">\n\t\t\t\t<div class=\"elementor-widget-container\">\n\t\t\t\t\t\t\t<p><strong style=\"font-style: inherit; color: var( --e-global-color-text ); font-family: var( --e-global-typography-text-font-family ), Sans-serif;\">Motor,<\/strong><span style=\"font-style: inherit; font-weight: inherit; color: var( --e-global-color-text ); font-family: var( --e-global-typography-text-font-family ), Sans-serif;\">&nbsp;is responsible for translating the demands from the driver into action. There are motor types such as step motor, servo motor, linear actuator according to the shape of the movement.<\/span><br><\/p>\t\t\t\t\t\t<\/div>\n\t\t\t\t<\/div>\n\t\t\t\t\t<\/div>\n\t\t<\/div>\n\t\t\t\t\t\t\t<\/div>\n\t\t<\/section>\n\t\t\t\t\t<\/div>\n\t\t<\/div>\n\t\t\t\t\t\t\t<\/div>\n\t\t<\/section>\n\t\t\t\t<section class=\"elementor-section elementor-top-section elementor-element elementor-element-ad4f63f elementor-section-boxed elementor-section-height-default elementor-section-height-default\" data-id=\"ad4f63f\" data-element_type=\"section\">\n\t\t\t\t\t\t<div class=\"elementor-container elementor-column-gap-default\">\n\t\t\t\t\t<div class=\"elementor-column elementor-col-100 elementor-top-column elementor-element elementor-element-8a74d40\" data-id=\"8a74d40\" data-element_type=\"column\">\n\t\t\t<div class=\"elementor-widget-wrap elementor-element-populated\">\n\t\t\t\t\t\t\t\t<div class=\"elementor-element elementor-element-95024b6 elementor-widget-divider--view-line elementor-widget elementor-widget-divider\" data-id=\"95024b6\" data-element_type=\"widget\" data-widget_type=\"divider.default\">\n\t\t\t\t<div class=\"elementor-widget-container\">\n\t\t\t\t\t<div class=\"elementor-divider\">\n\t\t\t<span class=\"elementor-divider-separator\">\n\t\t\t\t\t\t<\/span>\n\t\t<\/div>\n\t\t\t\t<\/div>\n\t\t\t\t<\/div>\n\t\t\t\t<div class=\"elementor-element elementor-element-9ea02d0 elementor-widget elementor-widget-heading\" data-id=\"9ea02d0\" data-element_type=\"widget\" data-widget_type=\"heading.default\">\n\t\t\t\t<div class=\"elementor-widget-container\">\n\t\t\t<h2 class=\"elementor-heading-title elementor-size-default\">Take Control of Your Business<\/h2>\t\t<\/div>\n\t\t\t\t<\/div>\n\t\t\t\t<div class=\"elementor-element elementor-element-56e650b elementor-widget-divider--view-line elementor-widget elementor-widget-divider\" data-id=\"56e650b\" data-element_type=\"widget\" data-widget_type=\"divider.default\">\n\t\t\t\t<div class=\"elementor-widget-container\">\n\t\t\t\t\t<div class=\"elementor-divider\">\n\t\t\t<span class=\"elementor-divider-separator\">\n\t\t\t\t\t\t<\/span>\n\t\t<\/div>\n\t\t\t\t<\/div>\n\t\t\t\t<\/div>\n\t\t\t\t\t<\/div>\n\t\t<\/div>\n\t\t\t\t\t\t\t<\/div>\n\t\t<\/section>\n\t\t\t\t<section class=\"elementor-section elementor-top-section elementor-element elementor-element-4faca78 elementor-section-boxed elementor-section-height-default elementor-section-height-default\" data-id=\"4faca78\" data-element_type=\"section\">\n\t\t\t\t\t\t<div class=\"elementor-container elementor-column-gap-default\">\n\t\t\t\t\t<div class=\"elementor-column elementor-col-50 elementor-top-column elementor-element elementor-element-a34e97c\" data-id=\"a34e97c\" data-element_type=\"column\" data-settings=\"{&quot;background_background&quot;:&quot;gradient&quot;}\">\n\t\t\t<div class=\"elementor-widget-wrap elementor-element-populated\">\n\t\t\t\t\t\t\t\t<div class=\"elementor-element elementor-element-ceaef17 elementor-widget elementor-widget-text-editor\" data-id=\"ceaef17\" data-element_type=\"widget\" data-widget_type=\"text-editor.default\">\n\t\t\t\t<div class=\"elementor-widget-container\">\n\t\t\t\t\t\t\tContact us to discuss customized solutions for your business\nor directly mail to us info@ravtechautomation.com\t\t\t\t\t\t<\/div>\n\t\t\t\t<\/div>\n\t\t\t\t\t<\/div>\n\t\t<\/div>\n\t\t\t\t<div class=\"elementor-column elementor-col-50 elementor-top-column elementor-element elementor-element-d414ae3\" data-id=\"d414ae3\" data-element_type=\"column\">\n\t\t\t<div class=\"elementor-widget-wrap elementor-element-populated\">\n\t\t\t\t\t\t\t\t<div class=\"elementor-element elementor-element-5aa2192 elementor-widget elementor-widget-wpforms\" data-id=\"5aa2192\" data-element_type=\"widget\" data-widget_type=\"wpforms.default\">\n\t\t\t\t<div class=\"elementor-widget-container\">\n\t\t\t\r\n<style type=\"text\/css\">\r\n\r\n\r\n\r\n\tbody #wpforms-906 .wpforms-head-container {\r\n\tbackground-color:#777777 ;\tborder-width: 0px;}\r\n\r\n\r\n\r\n\r\n\r\n\r\n\tbody #wpforms-906 .wpforms-form .wpforms-field input[type=text],\r\n\tbody #wpforms-906 .wpforms-form .wpforms-field input[type=email],\r\n\tbody #wpforms-906 .wpforms-form .wpforms-field input[type=tel],\r\n\tbody #wpforms-906 .wpforms-form .wpforms-field input[type=url],\r\n\tbody #wpforms-906 .wpforms-form .wpforms-field input[type=password],\r\n\tbody #wpforms-906 .wpforms-form .wpforms-field input[type=number]\r\n\t{\r\n\t\t\t\tborder-width: 1px;\t}\r\n\tbody #wpforms-906 .wpforms-form .wpforms-field .wpforms-field-row\r\n\t{\r\n\t\t\t}\r\n\t\r\n\r\n\r\n\r\n \r\n\tbody #wpforms-906 .wpforms-form .wpforms-field label.wpforms-field-label {\r\n\t\tcolor:#6d5f5f ;\t}\r\n\r\n\/* Styling for Tablets *\/\r\n@media only screen and (max-width: 800px) and (min-width:481px) {\r\n\t\r\n\r\n\r\n\r\n}\r\n\r\n@media only screen and (max-width: 480px){\r\n\t\r\n\r\n\r\n\r\n}\r\n\/*Option to add custom CSS *\/\r\n\r\n\r\n\r\n\r\n\t\t<\/style>\r\n\t\t<div class=\"wpforms-container wpforms-container-full\" id=\"wpforms-906\"><form id=\"wpforms-form-906\" class=\"wpforms-validate wpforms-form\" data-formid=\"906\" method=\"post\" enctype=\"multipart\/form-data\" action=\"\/index.php?rest_route=%2Fwp%2Fv2%2Fpages%2F158\" data-token=\"566597e1f735f61483238d20b60f0d83\"><noscript class=\"wpforms-error-noscript\">Bu formu bitirebilmek i\u00e7in taray\u0131c\u0131n\u0131zda JavaScript&#039;i etkinle\u015ftirin.<\/noscript><div class=\"wpforms-field-container\"><div id=\"wpforms-906-field_0-container\" class=\"wpforms-field wpforms-field-name\" data-field-id=\"0\"><label class=\"wpforms-field-label\" for=\"wpforms-906-field_0\">Name <span class=\"wpforms-required-label\">*<\/span><\/label><div class=\"wpforms-field-row wpforms-field-medium\"><div class=\"wpforms-field-row-block wpforms-first wpforms-one-half\"><input type=\"text\" id=\"wpforms-906-field_0\" class=\"wpforms-field-name-first wpforms-field-required\" name=\"wpforms[fields][0][first]\" required><label for=\"wpforms-906-field_0\" class=\"wpforms-field-sublabel after \">Ad<\/label><\/div><div class=\"wpforms-field-row-block wpforms-one-half\"><input type=\"text\" id=\"wpforms-906-field_0-last\" class=\"wpforms-field-name-last wpforms-field-required\" name=\"wpforms[fields][0][last]\" required><label for=\"wpforms-906-field_0-last\" class=\"wpforms-field-sublabel after \">Soyad<\/label><\/div><\/div><\/div><div id=\"wpforms-906-field_1-container\" class=\"wpforms-field wpforms-field-email\" data-field-id=\"1\"><label class=\"wpforms-field-label\" for=\"wpforms-906-field_1\">Email <span class=\"wpforms-required-label\">*<\/span><\/label><input type=\"email\" id=\"wpforms-906-field_1\" class=\"wpforms-field-medium wpforms-field-required\" name=\"wpforms[fields][1]\" spellcheck=\"false\" required><\/div><div id=\"wpforms-906-field_2-container\" class=\"wpforms-field wpforms-field-textarea\" data-field-id=\"2\"><label class=\"wpforms-field-label\" for=\"wpforms-906-field_2\">Comment or Message <span class=\"wpforms-required-label\">*<\/span><\/label><textarea id=\"wpforms-906-field_2\" class=\"wpforms-field-medium wpforms-field-required\" name=\"wpforms[fields][2]\" required><\/textarea><\/div><\/div><!-- .wpforms-field-container --><div class=\"wpforms-submit-container\" ><input type=\"hidden\" name=\"wpforms[id]\" value=\"906\"><input type=\"hidden\" name=\"wpforms[author]\" value=\"1\"><button type=\"submit\" name=\"wpforms[submit]\" id=\"wpforms-submit-906\" class=\"wpforms-submit\" data-alt-text=\"Sending...\" data-submit-text=\"Submit\" aria-live=\"assertive\" value=\"wpforms-submit\">Submit<\/button><\/div><\/form><\/div>  <!-- .wpforms-container -->\t\t<\/div>\n\t\t\t\t<\/div>\n\t\t\t\t\t<\/div>\n\t\t<\/div>\n\t\t\t\t\t\t\t<\/div>\n\t\t<\/section>\n\t\t\t\t<section class=\"elementor-section elementor-top-section elementor-element elementor-element-c732fb5 elementor-section-boxed elementor-section-height-default elementor-section-height-default\" data-id=\"c732fb5\" data-element_type=\"section\">\n\t\t\t\t\t\t<div class=\"elementor-container elementor-column-gap-default\">\n\t\t\t\t\t<div class=\"elementor-column elementor-col-25 elementor-top-column elementor-element elementor-element-8cda06d\" data-id=\"8cda06d\" data-element_type=\"column\" data-settings=\"{&quot;background_background&quot;:&quot;classic&quot;}\">\n\t\t\t<div class=\"elementor-widget-wrap elementor-element-populated\">\n\t\t\t\t\t\t\t\t<div class=\"elementor-element elementor-element-b6f43bf elementor-widget elementor-widget-image\" data-id=\"b6f43bf\" data-element_type=\"widget\" data-widget_type=\"image.default\">\n\t\t\t\t<div class=\"elementor-widget-container\">\n\t\t\t\t\t\t\t\t\t\t\t\t\t\t\t<img decoding=\"async\" width=\"502\" height=\"155\" src=\"https:\/\/www.ravtechautomation.com\/wp-content\/uploads\/2021\/05\/RavTech_editted_low-200x62.png\" class=\"attachment-large size-large wp-image-59\" alt=\"\" srcset=\"https:\/\/www.ravtechautomation.com\/wp-content\/uploads\/2021\/05\/RavTech_editted_low.png 502w, https:\/\/www.ravtechautomation.com\/wp-content\/uploads\/2021\/05\/RavTech_editted_low-300x93.png 300w, https:\/\/www.ravtechautomation.com\/wp-content\/uploads\/2021\/05\/RavTech_editted_low-200x62.png 200w\" sizes=\"(max-width: 502px) 100vw, 502px\" \/>\t\t\t\t\t\t\t\t\t\t\t\t\t\t\t<\/div>\n\t\t\t\t<\/div>\n\t\t\t\t\t<\/div>\n\t\t<\/div>\n\t\t\t\t<div class=\"elementor-column elementor-col-25 elementor-top-column elementor-element elementor-element-e6e197b\" data-id=\"e6e197b\" data-element_type=\"column\" data-settings=\"{&quot;background_background&quot;:&quot;classic&quot;}\">\n\t\t\t<div class=\"elementor-widget-wrap elementor-element-populated\">\n\t\t\t\t\t\t\t\t<div class=\"elementor-element elementor-element-09f3beb elementor-widget elementor-widget-text-editor\" data-id=\"09f3beb\" data-element_type=\"widget\" data-widget_type=\"text-editor.default\">\n\t\t\t\t<div class=\"elementor-widget-container\">\n\t\t\t\t\t\t\t<p><strong>Registered Company Number:<\/strong> 12983685<br \/><strong>Registered Office:<\/strong>408, Screenworks, 22, Highbury Grove, London, N5 2EF<br \/><strong>Contact Office:<\/strong> 86-90 Paul Street, London,\u00a0EC2A 4NE<br \/><strong>Email:<\/strong> info@ravtechautomation.com<\/p>\t\t\t\t\t\t<\/div>\n\t\t\t\t<\/div>\n\t\t\t\t\t<\/div>\n\t\t<\/div>\n\t\t\t\t<div class=\"elementor-column elementor-col-25 elementor-top-column elementor-element elementor-element-d29a447\" data-id=\"d29a447\" data-element_type=\"column\" data-settings=\"{&quot;background_background&quot;:&quot;classic&quot;}\">\n\t\t\t<div class=\"elementor-widget-wrap elementor-element-populated\">\n\t\t\t\t\t\t\t\t<div class=\"elementor-element elementor-element-322eadd elementor-widget elementor-widget-text-editor\" data-id=\"322eadd\" data-element_type=\"widget\" data-widget_type=\"text-editor.default\">\n\t\t\t\t<div class=\"elementor-widget-container\">\n\t\t\t\t\t\t\t<p><strong>Links:<\/strong><br>www.ravtechautomation.com<br>www.rav-tech.co.uk<\/p>\t\t\t\t\t\t<\/div>\n\t\t\t\t<\/div>\n\t\t\t\t\t<\/div>\n\t\t<\/div>\n\t\t\t\t<div class=\"elementor-column elementor-col-25 elementor-top-column elementor-element elementor-element-190593f\" data-id=\"190593f\" data-element_type=\"column\" data-settings=\"{&quot;background_background&quot;:&quot;classic&quot;}\">\n\t\t\t<div class=\"elementor-widget-wrap elementor-element-populated\">\n\t\t\t\t\t\t\t\t<div class=\"elementor-element elementor-element-c118c5d elementor-widget elementor-widget-image\" data-id=\"c118c5d\" data-element_type=\"widget\" data-widget_type=\"image.default\">\n\t\t\t\t<div class=\"elementor-widget-container\">\n\t\t\t\t\t\t\t\t\t\t\t\t\t\t\t<img decoding=\"async\" width=\"349\" height=\"268\" src=\"https:\/\/www.ravtechautomation.com\/wp-content\/uploads\/2021\/05\/ISO9001.jpg\" class=\"attachment-large size-large wp-image-142\" alt=\"\" srcset=\"https:\/\/www.ravtechautomation.com\/wp-content\/uploads\/2021\/05\/ISO9001.jpg 349w, https:\/\/www.ravtechautomation.com\/wp-content\/uploads\/2021\/05\/ISO9001-300x230.jpg 300w\" sizes=\"(max-width: 349px) 100vw, 349px\" \/>\t\t\t\t\t\t\t\t\t\t\t\t\t\t\t<\/div>\n\t\t\t\t<\/div>\n\t\t\t\t<div class=\"elementor-element elementor-element-875880b elementor-widget elementor-widget-text-editor\" data-id=\"875880b\" data-element_type=\"widget\" data-widget_type=\"text-editor.default\">\n\t\t\t\t<div class=\"elementor-widget-container\">\n\t\t\t\t\t\t\t<p>Certificate No: 9497479<\/p>\t\t\t\t\t\t<\/div>\n\t\t\t\t<\/div>\n\t\t\t\t\t<\/div>\n\t\t<\/div>\n\t\t\t\t\t\t\t<\/div>\n\t\t<\/section>\n\t\t\t\t\t\t\t<\/div>\n\t\t","protected":false},"excerpt":{"rendered":"<p>Take Control of Your Business Motion Control Systems Motion control can basically be defined as moving the moving parts of a machine in a controlled manner. Motion control systems are important for establishing the link between accuracy of motion, power and efficiency. In order to fulfill the machine function, the independent parts moved by the &hellip;<\/p>\n<p class=\"read-more\"> <a class=\"\" href=\"https:\/\/www.ravtechautomation.com\/?page_id=158\"> <span class=\"screen-reader-text\">Motion Control Systems<\/span> Devam\u0131 &raquo;<\/a><\/p>\n","protected":false},"author":1,"featured_media":0,"parent":0,"menu_order":0,"comment_status":"closed","ping_status":"closed","template":"","meta":{"footnotes":""},"class_list":["post-158","page","type-page","status-publish","hentry"],"_links":{"self":[{"href":"https:\/\/www.ravtechautomation.com\/index.php?rest_route=\/wp\/v2\/pages\/158","targetHints":{"allow":["GET"]}}],"collection":[{"href":"https:\/\/www.ravtechautomation.com\/index.php?rest_route=\/wp\/v2\/pages"}],"about":[{"href":"https:\/\/www.ravtechautomation.com\/index.php?rest_route=\/wp\/v2\/types\/page"}],"author":[{"embeddable":true,"href":"https:\/\/www.ravtechautomation.com\/index.php?rest_route=\/wp\/v2\/users\/1"}],"replies":[{"embeddable":true,"href":"https:\/\/www.ravtechautomation.com\/index.php?rest_route=%2Fwp%2Fv2%2Fcomments&post=158"}],"version-history":[{"count":67,"href":"https:\/\/www.ravtechautomation.com\/index.php?rest_route=\/wp\/v2\/pages\/158\/revisions"}],"predecessor-version":[{"id":1153,"href":"https:\/\/www.ravtechautomation.com\/index.php?rest_route=\/wp\/v2\/pages\/158\/revisions\/1153"}],"wp:attachment":[{"href":"https:\/\/www.ravtechautomation.com\/index.php?rest_route=%2Fwp%2Fv2%2Fmedia&parent=158"}],"curies":[{"name":"wp","href":"https:\/\/api.w.org\/{rel}","templated":true}]}}